{"id":40,"date":"2023-12-09T16:10:26","date_gmt":"2023-12-09T16:10:26","guid":{"rendered":"https:\/\/aeliteco-ci.com\/2023\/?page_id=40"},"modified":"2025-07-17T02:40:58","modified_gmt":"2025-07-17T02:40:58","slug":"qui-sommes-nous","status":"publish","type":"page","link":"https:\/\/aeliteco-ci.com\/2023\/qui-sommes-nous\/","title":{"rendered":"Qui sommes nous"},"content":{"rendered":"\n<p>AFRIQU\u2019ELITE CONSTRUCTION (AELITE) est une Entreprise G\u00e9n\u00e9rale de B\u00e2timents\/ Travaux Publics, de G\u00e9nie civil et de Construction M\u00e9tallique.<\/p>\n\n\n\n<p>Elle a connu d\u00e8s sa cr\u00e9ation en 2012 une profonde confiance et estime de la part de ses partenaires et clients priv\u00e9s et publics, gr\u00e2ce \u00e0 son professionnalisme, sa rigueur et surtout le respect des engagements contractuels (qualit\u00e9, co\u00fbts et d\u00e9lais) : leitmotive de AELITE.<\/p>\n\n\n\n<p>Le credo de AELITE est d\u2019\u00eatre un v\u00e9ritable partenaire pour ses Clients en les accompagnant dans leurs projets tous les corps d\u2019\u00e9tats.<\/p>\n\n\n\n<p>Elle vise, de ce fait, une place de choix aupr\u00e8s de ses partenaires leaders du m\u00eame secteur de la Construction en C\u00f4te d\u2019Ivoire et \u00e0 long terme en Afrique.<\/p>\n\n\n\n<p>Pour ce faire, elle entend \u00e9tablir sa notori\u00e9t\u00e9 gr\u00e2ce \u00e0 son \u00e9quipe d\u2019ing\u00e9nieurs et d\u2019ouvriers qualifi\u00e9s dont les exp\u00e9riences cumul\u00e9es font plus de 25 ans et \u00e0 ses dirigeants, issus de grandes entreprises leaders dans leur domaine en C\u00f4te d\u2019Ivoire : FLUTEC-BOIS \u2013 BOUYGUES ENERGIES Ex SIDELAF \u2013 IVOIRE INGENIERIE 2I \u2013 DOUJA PROMOTION GROUPE ADDOHA &#8212; IS HOLDING (AIS GROUP) &#8212; SAMELA. En outre,<\/p>\n\n\n\n<p>Elle se focalise continuellement sur une am\u00e9lioration de ses performances gr\u00e2ce \u00e0 ses \u00e9quipements performants, adapt\u00e9s et diversifi\u00e9s.<\/p>\n\n\n\n<div class=\"wp-block-buttons is-layout-flex wp-block-buttons-is-layout-flex\">\n<div class=\"wp-block-button has-custom-font-size has-small-font-size\"><a class=\"wp-block-button__link has-cyan-bluish-gray-background-color has-background wp-element-button\" href=\"https:\/\/aeliteco-ci.com\/2023\/expertise\/\" target=\"_blank\" rel=\"noreferrer noopener\"><strong><mark style=\"background-color:rgba(0, 0, 0, 0)\" class=\"has-inline-color has-black-color\">notre expertise<\/mark><\/strong><\/a><\/div>\n\n\n\n<div class=\"wp-block-button has-custom-font-size has-small-font-size\"><a class=\"wp-block-button__link has-luminous-vivid-amber-background-color has-background wp-element-button\" href=\"https:\/\/aeliteco-ci.com\/2023\/experience\/\" target=\"_blank\" rel=\"noreferrer noopener\"><strong><mark style=\"background-color:rgba(0, 0, 0, 0)\" class=\"has-inline-color has-black-color\">notre exp\u00e9rience<\/mark><\/strong><\/a><\/div>\n\n\n\n<div class=\"wp-block-button has-custom-font-size has-small-font-size\"><a class=\"wp-block-button__link has-luminous-vivid-amber-background-color has-background wp-element-button\" href=\"https:\/\/aeliteco-ci.com\/2023\/realisation\/\"><strong><mark style=\"background-color:rgba(0, 0, 0, 0)\" class=\"has-inline-color has-black-color\">notre m\u00e9tier<\/mark><\/strong><\/a><\/div>\n\n\n\n<div class=\"wp-block-button has-custom-font-size has-small-font-size\"><a class=\"wp-block-button__link has-cyan-bluish-gray-background-color has-background wp-element-button\" href=\"https:\/\/aeliteco-ci.com\/2023\/reference\/\" target=\"_blank\" rel=\"noreferrer noopener\"><strong><mark style=\"background-color:rgba(0, 0, 0, 0)\" class=\"has-inline-color has-black-color\">nos r\u00e9f\u00e9rences<\/mark><\/strong><\/a><\/div>\n<\/div>\n","protected":false},"excerpt":{"rendered":"<p>AFRIQU\u2019ELITE CONSTRUCTION (AELITE) est une Entreprise G\u00e9n\u00e9rale de B\u00e2timents\/ Travaux Publics, de G\u00e9nie civil et de Construction M\u00e9tallique. Elle a &hellip; <\/p>\n","protected":false},"author":1,"featured_media":395,"parent":0,"menu_order":0,"comment_status":"closed","ping_status":"closed","template":"","meta":{"footnotes":""},"_links":{"self":[{"href":"https:\/\/aeliteco-ci.com\/2023\/wp-json\/wp\/v2\/pages\/40"}],"collection":[{"href":"https:\/\/aeliteco-ci.com\/2023\/wp-json\/wp\/v2\/pages"}],"about":[{"href":"https:\/\/aeliteco-ci.com\/2023\/wp-json\/wp\/v2\/types\/page"}],"author":[{"embeddable":true,"href":"https:\/\/aeliteco-ci.com\/2023\/wp-json\/wp\/v2\/users\/1"}],"replies":[{"embeddable":true,"href":"https:\/\/aeliteco-ci.com\/2023\/wp-json\/wp\/v2\/comments?post=40"}],"version-history":[{"count":4,"href":"https:\/\/aeliteco-ci.com\/2023\/wp-json\/wp\/v2\/pages\/40\/revisions"}],"predecessor-version":[{"id":606,"href":"https:\/\/aeliteco-ci.com\/2023\/wp-json\/wp\/v2\/pages\/40\/revisions\/606"}],"wp:featuredmedia":[{"embeddable":true,"href":"https:\/\/aeliteco-ci.com\/2023\/wp-json\/wp\/v2\/media\/395"}],"wp:attachment":[{"href":"https:\/\/aeliteco-ci.com\/2023\/wp-json\/wp\/v2\/media?parent=40"}],"curies":[{"name":"wp","href":"https:\/\/api.w.org\/{rel}","templated":true}]}}