{"id":36,"date":"2023-12-09T16:09:12","date_gmt":"2023-12-09T16:09:12","guid":{"rendered":"https:\/\/aeliteco-ci.com\/2023\/?page_id=36"},"modified":"2025-07-17T03:15:38","modified_gmt":"2025-07-17T03:15:38","slug":"realisation","status":"publish","type":"page","link":"https:\/\/aeliteco-ci.com\/2023\/realisation\/","title":{"rendered":"METIER"},"content":{"rendered":"\n<div class=\"wp-block-columns is-layout-flex wp-container-core-columns-is-layout-1 wp-block-columns-is-layout-flex\">\n<div class=\"wp-block-column is-layout-flow wp-block-column-is-layout-flow\">\n<figure class=\"wp-block-image size-full is-resized\"><img loading=\"lazy\" decoding=\"async\" width=\"275\" height=\"183\" src=\"https:\/\/aeliteco-ci.com\/2023\/wp-content\/uploads\/2023\/12\/download.jpg\" alt=\"\" class=\"wp-image-393\" style=\"width:417px;height:auto\" srcset=\"https:\/\/aeliteco-ci.com\/2023\/wp-content\/uploads\/2023\/12\/download.jpg 275w, https:\/\/aeliteco-ci.com\/2023\/wp-content\/uploads\/2023\/12\/download-208x137.jpg 208w\" sizes=\"(max-width: 275px) 100vw, 275px\" \/><figcaption class=\"wp-element-caption\"><strong><strong><strong>BUREAU D\u2019\u00c9TUDE ET CONCEPTION, DESIGN ARCHITECTURAL B\u00c2TIMENT<\/strong><\/strong>: <\/strong><br>Notre Credo \u00e9tant d\u2019accompagner nos partenaires dans leurs projets, nous r\u00e9alisons en Interne les \u00e9tudes et conceptions des plans d\u2019ex\u00e9cution en 2D et 3D qui sont la base nos activit\u00e9s principales.<br>A travers cette base, nous accompagnons nos Clients dans la conception Architecturale et la R\u00e9alisation de Design ext\u00e9rieur et int\u00e9rieur pour toute construction et am\u00e9nagement de tout type et l\u2019Assistance en Maitrise d\u2019Ouvrage (MOD) et pilotage de grands projets.<br><\/figcaption><\/figure>\n<\/div>\n\n\n\n<div class=\"wp-block-column is-layout-flow wp-block-column-is-layout-flow\">\n<figure class=\"wp-block-image size-full is-resized\"><img loading=\"lazy\" decoding=\"async\" width=\"1125\" height=\"750\" src=\"https:\/\/aeliteco-ci.com\/2023\/wp-content\/uploads\/2023\/12\/pexels-photo-13599821.jpeg\" alt=\"\" class=\"wp-image-599\" style=\"width:414px;height:auto\" srcset=\"https:\/\/aeliteco-ci.com\/2023\/wp-content\/uploads\/2023\/12\/pexels-photo-13599821.jpeg 1125w, https:\/\/aeliteco-ci.com\/2023\/wp-content\/uploads\/2023\/12\/pexels-photo-13599821-300x200.jpeg 300w, https:\/\/aeliteco-ci.com\/2023\/wp-content\/uploads\/2023\/12\/pexels-photo-13599821-1024x683.jpeg 1024w, https:\/\/aeliteco-ci.com\/2023\/wp-content\/uploads\/2023\/12\/pexels-photo-13599821-768x512.jpeg 768w\" sizes=\"(max-width: 1125px) 100vw, 1125px\" \/><figcaption class=\"wp-element-caption\"><strong><strong>B\u00c2TIMENTS \u2013 G\u00c9NIE CIVIL ET AM\u00c9NAGEMENT ENVIRONNEMENTAL.<\/strong><br><\/strong>La construction de b\u00e2timents de tout type constitue l\u2019un des poumons de la principale mission d\u2019AELITE CONSTRUCTION.<br>En effet nous intervenons au b\u00e9n\u00e9fice de Particuliers, d\u2019Entreprises Industrielles, d\u2019Institutions Nationales et Internationales, et des March\u00e9s Publics en assurant les travaux en tout corps d\u2019\u00e9tat que sont :<br>Gros \u0153uvres : Terrassement, G\u00e9nie Civil, charpente (bois, m\u00e9tallique, \u2026), couverture, Etanch\u00e9it\u00e9, \u2026<br>Finition (Rev\u00eatements murs et sols, menuiseries, peinture,)<br>Techniques sp\u00e9cialis\u00e9es (Electricit\u00e9 b\u00e2timents, plomberies, sanitaires, etc\u2026)<br>Am\u00e9nagements de l\u2019environnement int\u00e9rieur et ext\u00e9rieur de b\u00e2timents.<br>R\u00e9habilitation d\u2019anciens ouvrages, de b\u00e2timents, et autres ouvrages de franchissement (dalots, radiers submersibles, etc\u2026).<\/figcaption><\/figure>\n<\/div>\n<\/div>\n\n\n\n<div class=\"wp-block-columns is-layout-flex wp-container-core-columns-is-layout-2 wp-block-columns-is-layout-flex\">\n<div class=\"wp-block-column is-layout-flow wp-block-column-is-layout-flow\">\n<figure class=\"wp-block-image size-full is-resized\"><img loading=\"lazy\" decoding=\"async\" width=\"735\" height=\"400\" src=\"https:\/\/aeliteco-ci.com\/2023\/wp-content\/uploads\/2023\/12\/charpente-metallique.webp\" alt=\"\" class=\"wp-image-392\" style=\"width:412px;height:auto\" srcset=\"https:\/\/aeliteco-ci.com\/2023\/wp-content\/uploads\/2023\/12\/charpente-metallique.webp 735w, https:\/\/aeliteco-ci.com\/2023\/wp-content\/uploads\/2023\/12\/charpente-metallique-300x163.webp 300w\" sizes=\"(max-width: 735px) 100vw, 735px\" \/><figcaption class=\"wp-element-caption\"><strong>CONSTRUCTION M\u00c9TALLIQUE ET INSTALLATION D\u2019UNIT\u00c9S INDUSTRIELLES.<\/strong><\/figcaption><\/figure>\n\n\n\n<p>Constituant le second poumon des activit\u00e9s principale de AELITE, les ouvrages m\u00e9talliques et les installations d\u2019unit\u00e9s industrielles sont r\u00e9alis\u00e9s pour les grandes et petites entreprises dans les divers domaines que sont l\u2019Industrie Agricole, les Cimenteries, le p\u00e9trole et gaz, les mines et carri\u00e8res, distributeurs de produits de masse, etc.<\/p>\n\n\n\n<p>Elle r\u00e9alise les <strong><em>Charpentes M\u00e9talliques, les entrep\u00f4ts, les supports d&rsquo;installation des machines industrielles, les Tuyauteries, les Installations d&rsquo;usines Industrielles compl\u00e8tes\u2026<\/em><\/strong><\/p>\n<\/div>\n\n\n\n<div class=\"wp-block-column is-layout-flow wp-block-column-is-layout-flow\">\n<figure class=\"wp-block-image size-full is-resized\"><img loading=\"lazy\" decoding=\"async\" width=\"1204\" height=\"800\" src=\"https:\/\/aeliteco-ci.com\/2023\/wp-content\/uploads\/2025\/07\/systeme-assainissement.jpg\" alt=\"\" class=\"wp-image-608\" style=\"width:360px;height:auto\" srcset=\"https:\/\/aeliteco-ci.com\/2023\/wp-content\/uploads\/2025\/07\/systeme-assainissement.jpg 1204w, https:\/\/aeliteco-ci.com\/2023\/wp-content\/uploads\/2025\/07\/systeme-assainissement-300x199.jpg 300w, https:\/\/aeliteco-ci.com\/2023\/wp-content\/uploads\/2025\/07\/systeme-assainissement-1024x680.jpg 1024w, https:\/\/aeliteco-ci.com\/2023\/wp-content\/uploads\/2025\/07\/systeme-assainissement-768x510.jpg 768w, https:\/\/aeliteco-ci.com\/2023\/wp-content\/uploads\/2025\/07\/systeme-assainissement-208x137.jpg 208w\" sizes=\"(max-width: 1204px) 100vw, 1204px\" \/><figcaption class=\"wp-element-caption\"><strong><strong>TRAVAUX DE R\u00c9SEAUX \u00c9LECTRIQUES, D\u2019ADDUCTION D\u2019EAU.<\/strong><\/strong><br>Afin de r\u00e9pondre aux multiples sollicitations d\u2019am\u00e9nagement de r\u00e9seaux \u00e9lectrique de la part de nos partenaires, des collectivit\u00e9s locales et administratives des villages en province, AELITE s\u2019est entour\u00e9 d&rsquo;agents \u00e9lectriciens de grande exp\u00e9rience, formant un Bureau d&rsquo;\u00e9tude et de r\u00e9alisation capable de r\u00e9pondre efficacement aux sollicitations en travaux HTA, MTA, BTA, etc.<\/figcaption><\/figure>\n<\/div>\n<\/div>\n\n\n\n<div class=\"wp-block-media-text is-stacked-on-mobile\"><figure class=\"wp-block-media-text__media\"><img loading=\"lazy\" decoding=\"async\" width=\"1024\" height=\"768\" src=\"https:\/\/aeliteco-ci.com\/2023\/wp-content\/uploads\/2023\/12\/WhatsApp-Image-2019-08-26-at-09.07.471.jpeg\" alt=\"\" class=\"wp-image-580 size-full\" srcset=\"https:\/\/aeliteco-ci.com\/2023\/wp-content\/uploads\/2023\/12\/WhatsApp-Image-2019-08-26-at-09.07.471.jpeg 1024w, https:\/\/aeliteco-ci.com\/2023\/wp-content\/uploads\/2023\/12\/WhatsApp-Image-2019-08-26-at-09.07.471-300x225.jpeg 300w, https:\/\/aeliteco-ci.com\/2023\/wp-content\/uploads\/2023\/12\/WhatsApp-Image-2019-08-26-at-09.07.471-768x576.jpeg 768w\" sizes=\"(max-width: 1024px) 100vw, 1024px\" \/><\/figure><div class=\"wp-block-media-text__content\">\n<ol>\n<li><strong>Travaux de voirie r\u00e9seaux divers (VRD)<\/strong><\/li>\n<\/ol>\n\n\n\n<p>Nous intervenons \u00e9galement dans les travaux de :<\/p>\n\n\n\n<ul>\n<li>Terrassement, Pistes rurales, Routes, \u2026<ul><li>Rev\u00eatements (en b\u00e9ton, b\u00e9ton arm\u00e9, enrob\u00e9s de bitume\u2026)<\/li><\/ul>\n<ul>\n<li>Voiries urbaines (pavage, pose de mobiliers urbains, etc\u2026)<\/li>\n<\/ul>\n<\/li>\n<\/ul>\n<\/div><\/div>\n","protected":false},"excerpt":{"rendered":"<p>Constituant le second poumon des activit\u00e9s principale de AELITE, les ouvrages m\u00e9talliques et les installations d\u2019unit\u00e9s industrielles sont r\u00e9alis\u00e9s pour &hellip; <\/p>\n","protected":false},"author":1,"featured_media":0,"parent":0,"menu_order":0,"comment_status":"closed","ping_status":"closed","template":"","meta":{"footnotes":""},"_links":{"self":[{"href":"https:\/\/aeliteco-ci.com\/2023\/wp-json\/wp\/v2\/pages\/36"}],"collection":[{"href":"https:\/\/aeliteco-ci.com\/2023\/wp-json\/wp\/v2\/pages"}],"about":[{"href":"https:\/\/aeliteco-ci.com\/2023\/wp-json\/wp\/v2\/types\/page"}],"author":[{"embeddable":true,"href":"https:\/\/aeliteco-ci.com\/2023\/wp-json\/wp\/v2\/users\/1"}],"replies":[{"embeddable":true,"href":"https:\/\/aeliteco-ci.com\/2023\/wp-json\/wp\/v2\/comments?post=36"}],"version-history":[{"count":13,"href":"https:\/\/aeliteco-ci.com\/2023\/wp-json\/wp\/v2\/pages\/36\/revisions"}],"predecessor-version":[{"id":609,"href":"https:\/\/aeliteco-ci.com\/2023\/wp-json\/wp\/v2\/pages\/36\/revisions\/609"}],"wp:attachment":[{"href":"https:\/\/aeliteco-ci.com\/2023\/wp-json\/wp\/v2\/media?parent=36"}],"curies":[{"name":"wp","href":"https:\/\/api.w.org\/{rel}","templated":true}]}}