{"id":134,"date":"2023-12-11T01:40:48","date_gmt":"2023-12-11T01:40:48","guid":{"rendered":"https:\/\/aeliteco-ci.com\/2023\/?page_id=134"},"modified":"2023-12-14T19:24:48","modified_gmt":"2023-12-14T19:24:48","slug":"expertise","status":"publish","type":"page","link":"https:\/\/aeliteco-ci.com\/2023\/expertise\/","title":{"rendered":"Expertise"},"content":{"rendered":"\n<p>Plus de 10 ans d\u2019ouvrage<\/p>\n\n\n\n<p><strong>Notre Credo \u00e9tant d\u2019accompagner nos partenaires dans leurs projets, nous r\u00e9alisons en Interne les \u00e9tudes et conceptions des plans d\u2019ex\u00e9cution en 2D et 3D qui sont la base nos activit\u00e9s principales. A travers cette base, nous accompagnons nos Clients dans la conception Architecturale et&nbsp; la R\u00e9alisation de Design ext\u00e9rieur et int\u00e9rieur pour toute construction et am\u00e9nagement de tout type et l\u2019Assistance en Maitrise d\u2019Ouvrage (MOD) et pilotage de grands projets<\/strong><\/p>\n\n\n\n<div class=\"wp-block-columns is-layout-flex wp-container-core-columns-is-layout-1 wp-block-columns-is-layout-flex\">\n<div class=\"wp-block-column is-layout-flow wp-block-column-is-layout-flow\"><\/div>\n\n\n\n<div class=\"wp-block-column is-layout-flow wp-block-column-is-layout-flow\">\n<div class=\"wp-block-buttons is-layout-flex wp-block-buttons-is-layout-flex\">\n<div class=\"wp-block-button\"><a class=\"wp-block-button__link has-cyan-bluish-gray-background-color has-background wp-element-button\" href=\"https:\/\/aeliteco-ci.com\/2023\/reference\/\" target=\"_blank\" rel=\"noreferrer noopener\"><mark style=\"background-color:rgba(0, 0, 0, 0)\" class=\"has-inline-color has-luminous-vivid-orange-color\"><strong>NOS REFERENCES<\/strong><\/mark><\/a><\/div>\n<\/div>\n<\/div>\n<\/div>\n","protected":false},"excerpt":{"rendered":"<p>Plus de 10 ans d\u2019ouvrage Notre Credo \u00e9tant d\u2019accompagner nos partenaires dans leurs projets, nous r\u00e9alisons en Interne les \u00e9tudes &hellip; <\/p>\n","protected":false},"author":1,"featured_media":264,"parent":0,"menu_order":0,"comment_status":"closed","ping_status":"closed","template":"","meta":{"footnotes":""},"_links":{"self":[{"href":"https:\/\/aeliteco-ci.com\/2023\/wp-json\/wp\/v2\/pages\/134"}],"collection":[{"href":"https:\/\/aeliteco-ci.com\/2023\/wp-json\/wp\/v2\/pages"}],"about":[{"href":"https:\/\/aeliteco-ci.com\/2023\/wp-json\/wp\/v2\/types\/page"}],"author":[{"embeddable":true,"href":"https:\/\/aeliteco-ci.com\/2023\/wp-json\/wp\/v2\/users\/1"}],"replies":[{"embeddable":true,"href":"https:\/\/aeliteco-ci.com\/2023\/wp-json\/wp\/v2\/comments?post=134"}],"version-history":[{"count":8,"href":"https:\/\/aeliteco-ci.com\/2023\/wp-json\/wp\/v2\/pages\/134\/revisions"}],"predecessor-version":[{"id":455,"href":"https:\/\/aeliteco-ci.com\/2023\/wp-json\/wp\/v2\/pages\/134\/revisions\/455"}],"wp:featuredmedia":[{"embeddable":true,"href":"https:\/\/aeliteco-ci.com\/2023\/wp-json\/wp\/v2\/media\/264"}],"wp:attachment":[{"href":"https:\/\/aeliteco-ci.com\/2023\/wp-json\/wp\/v2\/media?parent=134"}],"curies":[{"name":"wp","href":"https:\/\/api.w.org\/{rel}","templated":true}]}}